{"id":468,"date":"2026-04-07T20:02:09","date_gmt":"2026-04-07T18:02:09","guid":{"rendered":"https:\/\/indradevi.org\/?page_id=468"},"modified":"2026-04-07T20:07:34","modified_gmt":"2026-04-07T18:07:34","slug":"seda-quand-la-danse-classique-khmere-rencontre-une-fiction-contemporaine-cambodgienne","status":"publish","type":"page","link":"https:\/\/indradevi.org\/index.php\/actions\/seda-quand-la-danse-classique-khmere-rencontre-une-fiction-contemporaine-cambodgienne\/","title":{"rendered":"Seda, film d&rsquo;auteur franco-cambodgien"},"content":{"rendered":"\n<figure class=\"wp-block-image size-large\"><img loading=\"lazy\" decoding=\"async\" width=\"1024\" height=\"684\" src=\"https:\/\/indradevi.org\/wp-content\/uploads\/2026\/04\/SEDA-1024x684.png\" alt=\"\" class=\"wp-image-461\" srcset=\"https:\/\/indradevi.org\/wp-content\/uploads\/2026\/04\/SEDA-1024x684.png 1024w, https:\/\/indradevi.org\/wp-content\/uploads\/2026\/04\/SEDA-300x200.png 300w, https:\/\/indradevi.org\/wp-content\/uploads\/2026\/04\/SEDA-768x513.png 768w, https:\/\/indradevi.org\/wp-content\/uploads\/2026\/04\/SEDA-1536x1025.png 1536w, https:\/\/indradevi.org\/wp-content\/uploads\/2026\/04\/SEDA-2048x1367.png 2048w\" sizes=\"auto, (max-width: 706px) 89vw, (max-width: 767px) 82vw, 740px\" \/><\/figure>\n\n\n\n<p><br><strong>Du 8 avril au 8 mai 2026, participez \u00e0 notre campagne de soutien Seda pour que le film puisse voir le jour au cin\u00e9ma, gr\u00e2ce \u00e0 vous.<\/strong><\/p>\n\n\n\n<div class=\"wp-block-buttons is-content-justification-center is-layout-flex wp-container-core-buttons-is-layout-16018d1d wp-block-buttons-is-layout-flex\">\n<div class=\"wp-block-button is-style-fill\"><a class=\"wp-block-button__link wp-element-button\" href=\"https:\/\/www.helloasso.com\/associations\/indradevi-beaux-arts-du-cambodge\/collectes\/seda\">Je soutiens Seda<\/a><\/div>\n<\/div>\n\n\n\n<p class=\"has-text-align-left\"><br><br>Indradevi s&rsquo;associe au film Seda et fait appel \u00e0 la g\u00e9n\u00e9rosit\u00e9 du public et des m\u00e9c\u00e8nes pour soutenir la diffusion de la danse classique khm\u00e8re sur grand \u00e9cran et la cr\u00e9ation cin\u00e9matographique franco-cambodgienne sur la sc\u00e8ne internationale. <br><br><strong>SEDA<\/strong>&nbsp;est le premier court m\u00e9trage de fiction du r\u00e9alisateur et sc\u00e9nariste franco-cambodgien&nbsp;<strong>Jean-Baptiste Phou<\/strong>, apr\u00e8s son documentaire La langue de ma m\u00e8re, qui a remport\u00e9 le Prix du public au Festival international du film de Vesoul en 2022.<\/p>\n\n\n\n<blockquote class=\"wp-block-quote is-layout-flow wp-block-quote-is-layout-flow\">\n<blockquote class=\"wp-block-quote is-style-plain is-layout-flow wp-block-quote-is-layout-flow\">\n<div class=\"wp-block-group\"><div class=\"wp-block-group__inner-container is-layout-constrained wp-block-group-is-layout-constrained\">\n<p class=\"has-text-align-right\"><em>\u00c0<\/em> <em>travers Amara, une jeune danseuse, j\u2019explore ce que signifie porter un traumatisme dans son corps et \u00eatre incapable de parler. J\u2019ai choisi la danse classique khm\u00e8re \u2013 et l\u2019enl\u00e8vement de la princesse Seda dans le Reamker \u2013 comme un miroir symbolique de ce silence. Ayant moi-m\u00eame pratiqu\u00e9 cet art, j\u2019ai souhait\u00e9 revisiter le mythe en d\u00e9pla\u00e7ant l\u2019attention sur l\u2019h\u00e9ro\u00efne.<\/em><br><em>Jean-Baptiste Phou, r\u00e9alisateur&nbsp;<\/em><\/p>\n<\/div><\/div>\n<\/blockquote>\n<\/blockquote>\n\n\n\n<p class=\"has-text-align-center\"><strong>Nous remercions sinc\u00e8rement les premiers soutiens <\/strong>qui ont rendu ce film possible, <strong>et toutes celles et ceux qui contribueront \u00e0 cette derni\u00e8re phase, essentielle<\/strong> pour donner au film toute sa port\u00e9e et assurer sa rencontre avec le public.&nbsp;<\/p>\n\n\n\n<div class=\"wp-block-buttons is-content-justification-center is-layout-flex wp-container-core-buttons-is-layout-51f7783f wp-block-buttons-is-layout-flex\">\n<div class=\"wp-block-button\"><a class=\"wp-block-button__link wp-element-button\" href=\"https:\/\/www.helloasso.com\/associations\/indradevi-beaux-arts-du-cambodge\/collectes\/seda?_gl=1%2aeb8dno%2a_gcl_au%2aMTc3OTQ5MTM5LjE3NzU1NTY1MjcuMTAzNjE1NjUyOS4xNzc1NTYwMDk1LjE3NzU1NjExOTY.#tickets\">D\u00e9couvrir les contreparties et faire un don<\/a><\/div>\n<\/div>\n\n\n\n<p><br>Votre don soutient la <strong>naissance d\u2019un film d\u2019auteur cambodgien<\/strong> et offre une <strong>r\u00e9sonnance aux arts traditionnels khmers \u00e0 l&rsquo;\u00e9cran.<\/strong><br><br><strong>Mille mercis pour votre soutien <\/strong>et le relais que vous ferez.<\/p>\n\n\n\n<p class=\"has-text-align-right\"><br>Indradevi<\/p>\n\n\n\n<details class=\"wp-block-details is-layout-flow wp-block-details-is-layout-flow\"><summary><strong>Synopsis<\/strong><\/summary>\n<p><br>Le film suit Amara, une \u00e9l\u00e8ve passionn\u00e9e de danse classique, dont la vie bascule lorsqu&rsquo;elle d\u00e9couvre qu&rsquo;elle est enceinte. Rejet\u00e9e par sa m\u00e8re, obs\u00e9d\u00e9e par l&rsquo;honneur familial et ne trouvant aucun r\u00e9confort aupr\u00e8s de Leakhana, sa petite amie secr\u00e8te et partenaire de danse, Amara fuit la ville. \u00c9puis\u00e9e et seule, elle se r\u00e9fugie dans un espace onirique o\u00f9 des sc\u00e8nes du Reamker \u2013 la version cambodgienne du Ramayana \u2013 se m\u00ealent \u00e0 ses propres souvenirs. Dans ce monde int\u00e9rieur fragment\u00e9, mythe et r\u00e9alit\u00e9 s&rsquo;entrechoquent, la for\u00e7ant \u00e0 affronter ses d\u00e9mons int\u00e9rieurs.<\/p>\n\n\n\n<figure class=\"wp-block-image size-large wp-duotone-unset-1\"><img loading=\"lazy\" decoding=\"async\" width=\"1024\" height=\"684\" src=\"https:\/\/indradevi.org\/wp-content\/uploads\/2026\/04\/Still-2026-02-04-192833_1.25.1-1024x684.jpg\" alt=\"\" class=\"wp-image-501\" srcset=\"https:\/\/indradevi.org\/wp-content\/uploads\/2026\/04\/Still-2026-02-04-192833_1.25.1-1024x684.jpg 1024w, https:\/\/indradevi.org\/wp-content\/uploads\/2026\/04\/Still-2026-02-04-192833_1.25.1-300x200.jpg 300w, https:\/\/indradevi.org\/wp-content\/uploads\/2026\/04\/Still-2026-02-04-192833_1.25.1-768x513.jpg 768w, https:\/\/indradevi.org\/wp-content\/uploads\/2026\/04\/Still-2026-02-04-192833_1.25.1-1536x1025.jpg 1536w, https:\/\/indradevi.org\/wp-content\/uploads\/2026\/04\/Still-2026-02-04-192833_1.25.1-2048x1367.jpg 2048w\" sizes=\"auto, (max-width: 706px) 89vw, (max-width: 767px) 82vw, 740px\" \/><\/figure>\n<\/details>\n\n\n\n<details class=\"wp-block-details is-layout-flow wp-block-details-is-layout-flow\"><summary><strong>Note du r\u00e9alisateur<\/strong><\/summary>\n<div class=\"wp-block-group\"><div class=\"wp-block-group__inner-container is-layout-constrained wp-block-group-is-layout-constrained\">\n<p>Dans mon travail au th\u00e9\u00e2tre, en litt\u00e9rature et au cin\u00e9ma, j\u2019ai cherch\u00e9 \u00e0 affronter les blessures h\u00e9rit\u00e9es \u00e0 travers des r\u00e9cits intimes et incarn\u00e9s. SEDA s\u2019inscrit dans cette continuit\u00e9&nbsp;: un film n\u00e9 du silence, de ce silence qui \u00e9touffe les violences intrafamiliales au nom de l\u2019ordre et de l\u2019honneur. [\u2026]<\/p>\n\n\n\n<p>Dans SEDA, l\u2019histoire est transpos\u00e9e dans le Phnom Penh contemporain, o\u00f9 deux danseuses incarnent le prince et la princesse, et d\u00e9placent le mythe vers une relation entre femmes, dans un univers o\u00f9 les r\u00f4les sont traditionnellement port\u00e9s par des corps f\u00e9minins.<\/p>\n<\/div><\/div>\n\n\n\n<figure class=\"wp-block-image size-large\"><img loading=\"lazy\" decoding=\"async\" width=\"1024\" height=\"684\" src=\"https:\/\/indradevi.org\/wp-content\/uploads\/2026\/04\/Still-2026-02-04-192833_1.63.1-1024x684.jpg\" alt=\"\" class=\"wp-image-462\" srcset=\"https:\/\/indradevi.org\/wp-content\/uploads\/2026\/04\/Still-2026-02-04-192833_1.63.1-1024x684.jpg 1024w, https:\/\/indradevi.org\/wp-content\/uploads\/2026\/04\/Still-2026-02-04-192833_1.63.1-300x200.jpg 300w, https:\/\/indradevi.org\/wp-content\/uploads\/2026\/04\/Still-2026-02-04-192833_1.63.1-768x513.jpg 768w, https:\/\/indradevi.org\/wp-content\/uploads\/2026\/04\/Still-2026-02-04-192833_1.63.1-1536x1025.jpg 1536w, https:\/\/indradevi.org\/wp-content\/uploads\/2026\/04\/Still-2026-02-04-192833_1.63.1-2048x1367.jpg 2048w\" sizes=\"auto, (max-width: 706px) 89vw, (max-width: 767px) 82vw, 740px\" \/><figcaption class=\"wp-element-caption\">Jean-Baptiste Phou, r\u00e9alisateur de SEDA<\/figcaption><\/figure>\n<\/details>\n\n\n\n<details class=\"wp-block-details is-layout-flow wp-block-details-is-layout-flow\"><summary><strong>Vision<\/strong><\/summary>\n<p><br>SEDA se d\u00e9ploie entre deux mondes&nbsp;: le r\u00e9alisme cru de Phnom Penh et l\u2019univers onirique du mythe.&nbsp;<strong>La danse classique khm\u00e8re est film\u00e9e avec respect, une lumi\u00e8re douce, des tons dor\u00e9s et des gros plans tactiles sur la peau et les tissus.&nbsp;<\/strong><br><br>Cette pr\u00e9cision visuelle contraste avec la brutalit\u00e9 du quotidien d\u2019Amara&nbsp;: salles de r\u00e9p\u00e9tition poussi\u00e9reuses, int\u00e9rieurs familiaux \u00e9clair\u00e9s aux n\u00e9ons et nuits de Phnom Penh illumin\u00e9es par les n\u00e9ons. Le film embrasse&nbsp;<strong>une forme de r\u00e9alisme magique&nbsp;: des fragments de mythe surgissent dans les espaces du quotidien.<\/strong>&nbsp;Par ce jeu entre beaut\u00e9 et fragmentation, SEDA cr\u00e9e un monde o\u00f9 le silence devient visible et o\u00f9 le sacr\u00e9 s\u2019immisce discr\u00e8tement dans l\u2019ordinaire.<br><\/p>\n\n\n\n<figure class=\"wp-block-image size-large\"><img loading=\"lazy\" decoding=\"async\" width=\"1024\" height=\"684\" src=\"https:\/\/indradevi.org\/wp-content\/uploads\/2026\/04\/Still-2026-02-04-192833_1.81.1-1024x684.jpg\" alt=\"\" class=\"wp-image-511\" srcset=\"https:\/\/indradevi.org\/wp-content\/uploads\/2026\/04\/Still-2026-02-04-192833_1.81.1-1024x684.jpg 1024w, https:\/\/indradevi.org\/wp-content\/uploads\/2026\/04\/Still-2026-02-04-192833_1.81.1-300x200.jpg 300w, https:\/\/indradevi.org\/wp-content\/uploads\/2026\/04\/Still-2026-02-04-192833_1.81.1-768x513.jpg 768w, https:\/\/indradevi.org\/wp-content\/uploads\/2026\/04\/Still-2026-02-04-192833_1.81.1-1536x1025.jpg 1536w, https:\/\/indradevi.org\/wp-content\/uploads\/2026\/04\/Still-2026-02-04-192833_1.81.1-2048x1367.jpg 2048w\" sizes=\"auto, (max-width: 706px) 89vw, (max-width: 767px) 82vw, 740px\" \/><\/figure>\n<\/details>\n\n\n\n<details class=\"wp-block-details is-layout-flow wp-block-details-is-layout-flow\"><summary><strong>Du d\u00e9veloppement \u00e0 la production<\/strong><\/summary>\n<div class=\"wp-block-group\"><div class=\"wp-block-group__inner-container is-layout-constrained wp-block-group-is-layout-constrained\">\n<figure class=\"wp-block-image size-large\"><img loading=\"lazy\" decoding=\"async\" width=\"1024\" height=\"683\" src=\"https:\/\/indradevi.org\/wp-content\/uploads\/2026\/04\/32-1024x683.jpg\" alt=\"\" class=\"wp-image-463\" srcset=\"https:\/\/indradevi.org\/wp-content\/uploads\/2026\/04\/32-1024x683.jpg 1024w, https:\/\/indradevi.org\/wp-content\/uploads\/2026\/04\/32-300x200.jpg 300w, https:\/\/indradevi.org\/wp-content\/uploads\/2026\/04\/32-768x512.jpg 768w, https:\/\/indradevi.org\/wp-content\/uploads\/2026\/04\/32-1536x1024.jpg 1536w, https:\/\/indradevi.org\/wp-content\/uploads\/2026\/04\/32.jpg 2048w\" sizes=\"auto, (max-width: 706px) 89vw, (max-width: 767px) 82vw, 740px\" \/><figcaption class=\"wp-element-caption\">Photo du tournage : Lou Pich Bensimon interpr\u00e9tant Leakhana,  Serei Vankosaun dans le r\u00f4le de Amara, et Jean-Baptiste Phou, r\u00e9alisateur<\/figcaption><\/figure>\n\n\n\n<p>Initialement \u00e9crit il y a pr\u00e8s de dix ans, SEDA avait d\u2019abord \u00e9t\u00e9 laiss\u00e9 de c\u00f4t\u00e9 avant d\u2019\u00eatre r\u00e9cemment retravaill\u00e9 gr\u00e2ce \u00e0 l\u2019atelier de production Karre Muoy, coorganis\u00e9 par Kongchak Pictures et Anti-Archive \u00e0 Phnom Penh, puis pr\u00e9sent\u00e9 \u00e0 Platform Busan.&nbsp;<\/p>\n\n\n\n<p>Produit par&nbsp;<strong>S\u00e2mleng et Kongchak Pictures<\/strong>, avec le soutien de partenaires r\u00e9gionaux et internationaux, le film a \u00e9t\u00e9 tourn\u00e9 en f\u00e9vrier 2026 \u00e0 Phnom Penh, en quatre jours.&nbsp;<\/p>\n\n\n\n<p><strong>Il entre aujourd\u2019hui dans sa phase de post-production, qui comprend le montage, l\u2019\u00e9talonnage, le travail du son et la musique.<\/strong><\/p>\n<\/div><\/div>\n<\/details>\n\n\n\n<blockquote class=\"wp-block-quote is-layout-flow wp-block-quote-is-layout-flow\">\n<p><\/p>\n<\/blockquote>\n\n\n\n<div class=\"wp-block-group\"><div class=\"wp-block-group__inner-container is-layout-constrained wp-block-group-is-layout-constrained\">\n<details class=\"wp-block-details is-layout-flow wp-block-details-is-layout-flow\"><summary><strong>Equipe du cast<\/strong><\/summary>\n<p><br><strong>Le projet r\u00e9unit une \u00e9quipe cr\u00e9ative prometteuse :<\/strong>&nbsp;&nbsp;<strong>Jean-Baptiste Phou<\/strong>&nbsp;\u00e0 l\u2019\u00e9criture et \u00e0 la r\u00e9alisation,&nbsp;<strong>Eric Tsang Hing<\/strong>&nbsp;<strong>Weng<\/strong>&nbsp;comme mentor et consultant sc\u00e9nario,&nbsp;<strong>Jeff Yong<\/strong>&nbsp;\u00e0 la direction de la photographie,<strong>&nbsp;Ponita Keo<\/strong>&nbsp;\u00e0 la direction artistique,&nbsp;<strong>Leav \u201cKaKou\u201d Chanlyka<\/strong>&nbsp;\u00e0 la chor\u00e9graphie,&nbsp;<strong>Vincent Villa<\/strong>&nbsp;au design sonore.<br><br>Le casting, compos\u00e9 de danseuses et com\u00e9diens reconnus, est \u00e9galement confirm\u00e9 :&nbsp;&nbsp;<strong>Serei Vankosaun<\/strong>&nbsp;(Amara),&nbsp;&nbsp;<strong>Lou Pich Bensimon<\/strong>&nbsp;(Leakhana),&nbsp;&nbsp;<strong>Vuth Chanmoly<\/strong>&nbsp;(Mme Keo),&nbsp;&nbsp;<strong>Lim Bunhok<\/strong>&nbsp;(M Keo) et&nbsp;<strong>Serak Savorn<\/strong>&nbsp;(Maline).<\/p>\n\n\n\n<figure class=\"wp-block-image size-large\"><img loading=\"lazy\" decoding=\"async\" width=\"1024\" height=\"684\" src=\"https:\/\/indradevi.org\/wp-content\/uploads\/2026\/04\/40-1-1024x684.jpeg\" alt=\"\" class=\"wp-image-502\" srcset=\"https:\/\/indradevi.org\/wp-content\/uploads\/2026\/04\/40-1-1024x684.jpeg 1024w, https:\/\/indradevi.org\/wp-content\/uploads\/2026\/04\/40-1-300x200.jpeg 300w, https:\/\/indradevi.org\/wp-content\/uploads\/2026\/04\/40-1-768x513.jpeg 768w, https:\/\/indradevi.org\/wp-content\/uploads\/2026\/04\/40-1.jpeg 1280w\" sizes=\"auto, (max-width: 706px) 89vw, (max-width: 767px) 82vw, 740px\" \/><figcaption class=\"wp-element-caption\">Photo du tournage : Lou Pich Bensimon interpr\u00e9tant Leakhana,  Serei Vankosaun dans le r\u00f4le de Amara, et Jean-Baptiste Phou, r\u00e9alisateur<\/figcaption><\/figure>\n<\/details>\n<\/div><\/div>\n\n\n\n<details class=\"wp-block-details is-layout-flow wp-block-details-is-layout-flow\"><summary><strong>A propos du producteur<\/strong><\/summary>\n<p><br><strong>Loy Te<\/strong>&nbsp;est un producteur franco-cambodgien et le fondateur de Kongchak Pictures. Apr\u00e8s avoir contribu\u00e9 au d\u00e9veloppement de Legend Cinema, premi\u00e8re cha\u00eene de cin\u00e9mas du Cambodge, il s\u2019est tourn\u00e9 vers la production.&nbsp;<br>D\u2019abord remarqu\u00e9 pour Jailbreak et The Prey de Jimmy Henderson, il accompagne aujourd\u2019hui un cin\u00e9ma d\u2019auteur cambodgien pr\u00e9sent\u00e9 dans de grands festivals internationaux, avec notamment Young Love de Lomorpich Rithy, White Building de Kavich Neang, Tenement de Inrasothythep Neth et Sokyou Chea, et Becoming Human de Polen Ly.&nbsp;<\/p>\n\n\n\n<p>Il a aussi d\u00e9velopp\u00e9 d\u2019importants liens de coproduction r\u00e9gionale, notamment sur Vi\u1ec7t and Nam de Minh Qu\u00fd Tr\u01b0\u01a1ng, This City Is a Battlefield de Mouly Surya et Grandma Nai Who Played Favourites de Chheangkea.<\/p>\n\n\n\n<p>En 2019, il cofonde Kongchak Studio avec le sound designer Vincent Villa, premier studio de postproduction son du Cambodge \u00e9quip\u00e9 d\u2019une salle de mixage Dolby Atmos certifi\u00e9e. \u00c0 travers le Karre Muoy Producer Lab, il soutient \u00e9galement l\u2019\u00e9mergence de nouveaux cin\u00e9astes dans la r\u00e9gion. Il est ancien participant de Berlinale Talents et EAVE Ties That Bind.&nbsp;<\/p>\n<\/details>\n\n\n\n<div class=\"wp-block-buttons is-layout-flex wp-block-buttons-is-layout-flex\"><\/div>\n\n\n\n<details class=\"wp-block-details is-layout-flow wp-block-details-is-layout-flow\"><summary><strong>Description des postes de d\u00e9penses <\/strong><\/summary>\n<p><br>Le budget total du film s\u2019\u00e9l\u00e8ve \u00e0 environ&nbsp;<strong>34 000 \u20ac<\/strong>.<\/p>\n\n\n\n<p>Cette somme a \u00e9t\u00e9 enti\u00e8rement r\u00e9unie gr\u00e2ce \u00e0 des bourses, des coproductions, des partenariats et une campagne de financement participatif, permettant de mener \u00e0 bien le tournage en f\u00e9vrier 2026 \u00e0 Phnom Penh.<\/p>\n\n\n\n<p>SEDA est aujourd\u2019hui en phase de post-production.<\/p>\n\n\n\n<p>Une campagne compl\u00e9mentaire, men\u00e9e en partenariat avec l\u2019association Indradevi, vise \u00e0 r\u00e9unir les&nbsp;<strong>3 000 \u20ac restants n\u00e9cessaires \u00e0 la finalisation et \u00e0 la diffusion du film.<\/strong><\/p>\n\n\n\n<p>Ces fonds permettront d\u2019assurer :<\/p>\n\n\n\n<p>\u2013&nbsp;<strong>l\u2019\u00e9talonnage du film<\/strong>&nbsp;avec le studio White Light \u00e0 Bangkok, reconnu mondialement, avec une pr\u00e9sence sur place du r\u00e9alisateur et du chef op\u00e9rateur afin de garantir un travail pr\u00e9cis sur l\u2019image et les intentions visuelles du film<\/p>\n\n\n\n<p>\u2013&nbsp;<strong>les frais li\u00e9s \u00e0 la distribution<\/strong>, incluant les inscriptions en festivals, la cr\u00e9ation des \u00e9l\u00e9ments de communication et les premi\u00e8res actions de diffusion<\/p>\n\n\n\n<p>Cet apport constitue la&nbsp;<strong>derni\u00e8re \u00e9tape pour accompagner SEDA jusqu\u2019\u00e0 l\u2019\u00e9cran,<\/strong>&nbsp;et lui permettre de circuler dans les meilleures conditions possibles.<\/p>\n\n\n\n<p>Si la collecte d\u00e9passe son objectif, les&nbsp;<strong>fonds suppl\u00e9mentaires permettront de renforcer la diffusion de SEDA<\/strong>&nbsp;: candidatures \u00e0 davantage de festivals, cr\u00e9ation d\u2019une bande-annonce, d\u00e9ploiement d\u2019une campagne cibl\u00e9e sur les r\u00e9seaux sociaux, et organisation de projections et rencontres autour du film.<\/p>\n\n\n\n<figure class=\"wp-block-image size-large\"><img loading=\"lazy\" decoding=\"async\" width=\"1024\" height=\"684\" src=\"https:\/\/indradevi.org\/wp-content\/uploads\/2026\/04\/Still-2026-02-04-192833_1.75.1-1024x684.jpg\" alt=\"\" class=\"wp-image-510\" srcset=\"https:\/\/indradevi.org\/wp-content\/uploads\/2026\/04\/Still-2026-02-04-192833_1.75.1-1024x684.jpg 1024w, https:\/\/indradevi.org\/wp-content\/uploads\/2026\/04\/Still-2026-02-04-192833_1.75.1-300x200.jpg 300w, https:\/\/indradevi.org\/wp-content\/uploads\/2026\/04\/Still-2026-02-04-192833_1.75.1-768x513.jpg 768w, https:\/\/indradevi.org\/wp-content\/uploads\/2026\/04\/Still-2026-02-04-192833_1.75.1-1536x1025.jpg 1536w, https:\/\/indradevi.org\/wp-content\/uploads\/2026\/04\/Still-2026-02-04-192833_1.75.1-2048x1367.jpg 2048w\" sizes=\"auto, (max-width: 706px) 89vw, (max-width: 767px) 82vw, 740px\" \/><\/figure>\n<\/details>\n\n\n\n<details class=\"wp-block-details is-layout-flow wp-block-details-is-layout-flow\"><summary><strong>B\u00e9n\u00e9ficiaires finaux de la collecte<\/strong><\/summary>\n<p><br>La collecte obtenue sera revers\u00e9e au film SEDA.<\/p>\n\n\n\n<figure class=\"wp-block-image size-large\"><img loading=\"lazy\" decoding=\"async\" width=\"1024\" height=\"577\" src=\"https:\/\/indradevi.org\/wp-content\/uploads\/2026\/04\/0-1024x577.jpg\" alt=\"\" class=\"wp-image-505\" srcset=\"https:\/\/indradevi.org\/wp-content\/uploads\/2026\/04\/0-1024x577.jpg 1024w, https:\/\/indradevi.org\/wp-content\/uploads\/2026\/04\/0-300x169.jpg 300w, https:\/\/indradevi.org\/wp-content\/uploads\/2026\/04\/0-768x432.jpg 768w, https:\/\/indradevi.org\/wp-content\/uploads\/2026\/04\/0-1536x865.jpg 1536w, https:\/\/indradevi.org\/wp-content\/uploads\/2026\/04\/0-2048x1153.jpg 2048w\" sizes=\"auto, (max-width: 706px) 89vw, (max-width: 767px) 82vw, 740px\" \/><\/figure>\n<\/details>\n\n\n\n<details class=\"wp-block-details is-layout-flow wp-block-details-is-layout-flow\"><summary><strong>Porteurs du projet<\/strong><\/summary>\n<p><br>\u00c0 propos de Jean-Baptiste Phou, auteur, r\u00e9alisateur et producteur<\/p>\n\n\n\n<p><strong>Jean-Baptiste Phou&nbsp;<\/strong>est un auteur, r\u00e9alisateur et artiste pluridisciplinaire franco-cambodgien, bas\u00e9 \u00e0 Phnom Penh. Il commence sa carri\u00e8re comme acteur avant d\u2019\u00e9crire et mettre en sc\u00e8ne la pi\u00e8ce \u201cCambodge, me voici\u201d (2011\u20132012), puis de cr\u00e9er \u201cEthnik Stars\u201d (2014), une s\u00e9rie de fiction musicale soutenue par le CNC.&nbsp;<\/p>\n\n\n\n<p>Son court-m\u00e9trage documentaire \u201cLa langue de ma m\u00e8re\u201d (2022) remporte le Prix du Public au Festival International des Cin\u00e9mas d\u2019Asie de Vesoul. Il est \u00e9galement l\u2019auteur de \u201c80 mots du Cambodge\u201d (L\u2019Asiath\u00e8que, 2023) et \u201cLa Peau hors du placard\u201d (Seuil, 2024). Parall\u00e8lement \u00e0 sa pratique artistique, il a pilot\u00e9 d\u2019importants projets culturels en tant que responsable des programmes cr\u00e9atifs chez Cambodian Living Arts.<\/p>\n\n\n\n<p>SEDA est son premier court m\u00e9trage de fiction, co-produit avec Kongchak Pictures et sa nouvelle structure, S\u00e2mleng, une plateforme d\u00e9di\u00e9e aux projets artistiques et cin\u00e9matographiques bas\u00e9e \u00e0 Phnom Penh.<\/p>\n\n\n\n<p>Association de loi 1901,&nbsp;<strong>Indradevi Beaux-Arts du Cambodge<\/strong>&nbsp;a pour vocation de soutenir les arts de tradition classique du Cambodge par des projets de valorisation et de sauvegarde des diff\u00e9rentes disciplines.&nbsp;<\/p>\n<\/details>\n\n\n\n<div class=\"wp-block-buttons is-content-justification-center is-layout-flex wp-container-core-buttons-is-layout-16018d1d wp-block-buttons-is-layout-flex\"><\/div>\n\n\n\n<p><\/p>\n","protected":false},"excerpt":{"rendered":"<p>Du 8 avril au 8 mai 2026, participez \u00e0 notre campagne de soutien Seda pour que le film puisse voir le jour au cin\u00e9ma, gr\u00e2ce \u00e0 vous. Indradevi s&rsquo;associe au film Seda et fait appel \u00e0 la g\u00e9n\u00e9rosit\u00e9 du public et des m\u00e9c\u00e8nes pour soutenir la diffusion de la danse classique khm\u00e8re sur grand \u00e9cran &hellip; <\/p>\n<p class=\"link-more\"><a href=\"https:\/\/indradevi.org\/index.php\/actions\/seda-quand-la-danse-classique-khmere-rencontre-une-fiction-contemporaine-cambodgienne\/\" class=\"more-link\">Continuer la lecture<span class=\"screen-reader-text\"> de &laquo;&nbsp;Seda, film d&rsquo;auteur franco-cambodgien&nbsp;&raquo;<\/span><\/a><\/p>\n","protected":false},"author":2,"featured_media":0,"parent":285,"menu_order":1,"comment_status":"closed","ping_status":"closed","template":"","meta":{"footnotes":""},"class_list":["post-468","page","type-page","status-publish","hentry"],"_links":{"self":[{"href":"https:\/\/indradevi.org\/index.php\/wp-json\/wp\/v2\/pages\/468","targetHints":{"allow":["GET"]}}],"collection":[{"href":"https:\/\/indradevi.org\/index.php\/wp-json\/wp\/v2\/pages"}],"about":[{"href":"https:\/\/indradevi.org\/index.php\/wp-json\/wp\/v2\/types\/page"}],"author":[{"embeddable":true,"href":"https:\/\/indradevi.org\/index.php\/wp-json\/wp\/v2\/users\/2"}],"replies":[{"embeddable":true,"href":"https:\/\/indradevi.org\/index.php\/wp-json\/wp\/v2\/comments?post=468"}],"version-history":[{"count":65,"href":"https:\/\/indradevi.org\/index.php\/wp-json\/wp\/v2\/pages\/468\/revisions"}],"predecessor-version":[{"id":548,"href":"https:\/\/indradevi.org\/index.php\/wp-json\/wp\/v2\/pages\/468\/revisions\/548"}],"up":[{"embeddable":true,"href":"https:\/\/indradevi.org\/index.php\/wp-json\/wp\/v2\/pages\/285"}],"wp:attachment":[{"href":"https:\/\/indradevi.org\/index.php\/wp-json\/wp\/v2\/media?parent=468"}],"curies":[{"name":"wp","href":"https:\/\/api.w.org\/{rel}","templated":true}]}}